{"id":10924,"date":"2020-06-15T12:19:04","date_gmt":"2020-06-15T10:19:04","guid":{"rendered":"http:\/\/theme.evulu.de\/?page_id=10924"},"modified":"2021-12-17T11:42:08","modified_gmt":"2021-12-17T10:42:08","slug":"beispiel-bericht","status":"publish","type":"page","link":"https:\/\/www.evulu.de\/de\/beispiel-bericht\/","title":{"rendered":"Beispiel Bericht"},"content":{"rendered":"\n<div class=\"dzsparallaxer auto-init height-is-based-on-content use-loading mode-scroll ugb-hero-style-v11 bg-indigo\" data-options=\"{direction: &quot;normal&quot;}\" style=\"border-radius:0;text-align:center\"><div class=\"divimage dzsparallaxer--target\" style=\"height:100vh\"><\/div><div class=\"u-devices-v2\"><div class=\"container space-2 space-md-3 position-relative z-index-2\"><div class=\"w-md-80 w-lg-50 text-center mx-md-auto\"><span class=\"text-primary fgb-button btn btn-lg btn-icon btn-white rounded-circle mb-4\"><span class=\"fas fa-paper-plane btn-icon__inner mr-sm-1\"><\/span><\/span><h2 class=\"text-white h1\" style=\"text-align:center\">Unser <span class=\"font-weight-semi-bold\">Report<\/span><\/h2><p class=\"text-white-70 lead mb-0\" style=\"text-align:center\">Unser Abschlussbericht ist nat\u00fcrlich responsive, so dass die Inh\u00e4lte von jedem Ger\u00e4t aus eingesehen werden k\u00f6nnen.<\/p><\/div><\/div><div class=\"d-none d-lg-block\"><div class=\"u-devices-v2__tablet\"><div class=\"w-75 u-devices-v2__{ svgBlockClass }-svg\"><figure class=\"ie-devices-v2-tablet\"><img decoding=\"async\" class=\"js-svg-injector\" alt=\"Image\" src=\"https:\/\/www.evulu.de\/wp-content\/themes\/front\/assets\/svg\/components\/tablet.svg\" data-img-paths=\"[ { &quot;targetId&quot;: &quot;#SVGtabletImg1&quot;, &quot;newPath&quot;: &quot;https:\/\/www.evulu.de\/wp-content\/uploads\/2020\/06\/Evulu_Report_Cover-Sheet.jpg&quot; } ]\" data-parent=\"#SVGSubscribe\"><\/figure><\/div><\/div><div class=\"u-devices-v2__phone\"><div class=\"w-75 u-devices-v2__{ svgBlockClass }-svg\"><figure class=\"ie-devices-v2-tablet\"><img decoding=\"async\" class=\"js-svg-injector\" alt=\"Image\" src=\"https:\/\/www.evulu.de\/wp-content\/themes\/front\/assets\/svg\/components\/iphone.svg\" data-img-paths=\"[ { &quot;targetId&quot;: &quot;#SVGiphoneImg1&quot;, &quot;newPath&quot;: &quot;https:\/\/www.evulu.de\/wp-content\/uploads\/2020\/06\/Evulu_Report_Metrics.jpg&quot; } ]\" data-parent=\"#SVGSubscribe\"><\/figure><\/div><\/div><\/div><figure class=\"w-100 content-centered-y position-absolute right-0 bottom-0\"><img decoding=\"async\" class=\"js-svg-injector\" alt=\"\" src=\"https:\/\/www.evulu.de\/wp-content\/themes\/front\/assets\/svg\/components\/process-pointer-1.svg\" data-parent=\"#SVGSubscribe\"><\/figure><\/div><\/div>\n\n\n\n<div class=\"fgb-icon-block\"><div class=\"container space-top-3\"><div class=\"w-md-80 w-lg-50 text-center mx-md-auto mb-9\"><span class=\"btn btn-xs btn-soft-success btn-pill mb-2\">Wie sieht so ein  Report aus?<\/span><h2>Ausz\u00fcge aus unserem Abschlussbericht <\/h2><p><br>F\u00fcr jedes Projekt gibt es einen abschlie\u00dfenden Report. Nutzen Sie die daraus resultierenden Erkenntnisse, um zu entscheiden, welche Ideen weiterverfolgt und umgesetzt werden sollen.<\/p><\/div><div class=\"row\"><div class=\"col-md-4 mb-7\"><div class=\"text-center px-lg-3\"><span class=\"btn btn-icon btn-lg rounded-circle mb-5 btn-soft-indigo\"><span class=\"fas fa-chart-bar display-4 btn-icon__inner fa-2x btn-icon__inner-bottom-minus\"><\/span><\/span><h3 class=\"icon-block__title h5\">Zusammenfassung und Statistiken<\/h3><p class=\"icon-block__description mb-md-0\">Alle relevanten Leistungskennzahlen auf einen Blick<\/p><\/div><\/div><div class=\"col-md-4 mb-7\"><div class=\"text-center px-lg-3\"><span class=\"btn btn-icon btn-lg rounded-circle mb-5 btn-soft-warning\"><span class=\"fas fa-lightbulb display-4 btn-icon__inner fa-2x btn-icon__inner-bottom-minus\"><\/span><\/span><h3 class=\"icon-block__title h5\">Top bewertete <br>Ideen<\/h3><p class=\"icon-block__description mb-md-0\">Kriterien-gest\u00fctzte Priorisierung der eingereichten Ideen<\/p><\/div><\/div><div class=\"col-md-4 mb-7\"><div class=\"text-center px-lg-3\"><span class=\"btn btn-icon btn-lg rounded-circle mb-5 btn-soft-success\"><span class=\"fas fa-users display-4 btn-icon__inner fa-2x btn-icon__inner-bottom-minus\"><\/span><\/span><h3 class=\"icon-block__title h5\">Teilnehmende <br>Parteien<\/h3><p class=\"icon-block__description mb-md-0\">Liste aller beteiligten Personen einschlie\u00dflich ihrer Rollen im Projekt<\/p><\/div><\/div><\/div><img decoding=\"async\" class=\"img-fluid d-none d-md-block w-75 mx-auto mb-7\" src=\"https:\/\/www.evulu.de\/wp-content\/themes\/front\/assets\/svg\/components\/pointer-1.svg\" alt=\"SVG Arrow\"\/><\/div><\/div>\n\n\n\n<div class=\"info-secion-block-1 space-bottom-md-3 space-bottom-2 container\"><div class=\"w-md-60 w-lg-50 text-center mx-auto mb-7\"><h4 class=\"h5 undefined text-dark\">Der Bericht ist C-Level-kompatibel und hilft Ihnen, auf einen Blick die Ideen mit dem gr\u00f6\u00dften Erfolgspotenzial zu identifizieren.<\/h4><\/div><div class=\"u-browser-v1 mx-auto mb-4\"><figure id=\"SVGbgShapeID1\" class=\"svg-preloader ie-soft-triangle-shape\"><img decoding=\"async\" class=\"js-svg-injector\" src=\"https:\/\/www.evulu.de\/wp-content\/themes\/front\/assets\/svg\/components\/soft-triangle-shape.svg\" alt=\"Image Description\" data-parent=\"#SVGbgShapeID1\"\/><\/figure><figure id=\"SVGBrowserShape\"><figure class=\"ie-browser u-browser-v1__svg\"><img decoding=\"async\" class=\"js-svg-injector\" alt=\"\" src=\"https:\/\/www.evulu.de\/wp-content\/themes\/front\/assets\/svg\/illustrations\/browser.svg\" data-img-paths=\"[{&quot;targetId&quot;: &quot;#SVGBrowserShapeImg1&quot;, &quot;newPath&quot;: &quot;https:\/\/www.evulu.de\/wp-content\/uploads\/2020\/08\/Evulu_ReportMockup_DE.png&quot; } ]\" data-parent=\"#SVGBrowserShape\"\/><\/figure><\/figure><\/div><div class=\"w-50 w-md-40 w-lg-30 text-center mx-auto\"><p class=\"small undefined text-dark-50\"><\/p><\/div><\/div>\n\n\n\n<p><\/p>\n","protected":false},"excerpt":{"rendered":"<p>Unser Report Unser Abschlussbericht ist nat\u00fcrlich responsive, so dass die Inh\u00e4lte von jedem Ger\u00e4t aus eingesehen werden k\u00f6nnen.<\/p>\n","protected":false},"author":3,"featured_media":0,"parent":0,"menu_order":0,"comment_status":"closed","ping_status":"closed","template":"","meta":{"_front_options":"{\"disableContainer\":true,\"hidePageHeader\":true,\"isCustomHeader\":true,\"isCustomFooter\":true,\"headerStaticContentID\":10734,\"footerStaticContentID\":12377}","footnotes":""},"class_list":["post-10924","page","type-page","status-publish","hentry"],"yoast_head":"<!-- This site is optimized with the Yoast SEO plugin v24.6 - https:\/\/yoast.com\/wordpress\/plugins\/seo\/ -->\n<title>Evulu | Beispiel f\u00fcr Ideenreport<\/title>\n<meta name=\"description\" content=\"F\u00fcr jedes mit Evulu durchgef\u00fchrte Innovationsprojekt wird ein individueller Abschlussbericht erstellt. Auf dieser Seite finden Sie ein Beispiel hierf\u00fcr.\" \/>\n<meta name=\"robots\" content=\"index, follow, max-snippet:-1, max-image-preview:large, max-video-preview:-1\" \/>\n<link rel=\"canonical\" href=\"https:\/\/www.evulu.de\/de\/beispiel-bericht\/\" \/>\n<meta property=\"og:locale\" content=\"de_DE\" \/>\n<meta property=\"og:type\" content=\"article\" \/>\n<meta property=\"og:title\" content=\"Evulu | Beispiel f\u00fcr Ideenreport\" \/>\n<meta property=\"og:description\" content=\"F\u00fcr jedes mit Evulu durchgef\u00fchrte Innovationsprojekt wird ein individueller Abschlussbericht erstellt. Auf dieser Seite finden Sie ein Beispiel hierf\u00fcr.\" \/>\n<meta property=\"og:url\" content=\"https:\/\/www.evulu.de\/de\/beispiel-bericht\/\" \/>\n<meta property=\"og:site_name\" content=\"Evulu\" \/>\n<meta property=\"article:publisher\" content=\"https:\/\/www.facebook.com\/EvuluSAAS\/\" \/>\n<meta property=\"article:modified_time\" content=\"2021-12-17T10:42:08+00:00\" \/>\n<meta property=\"og:image\" content=\"https:\/\/www.evulu.de\/wp-content\/themes\/front\/assets\/svg\/components\/tablet.svg\" \/>\n<meta name=\"twitter:card\" content=\"summary_large_image\" \/>\n<meta name=\"twitter:site\" content=\"@Evulu2\" \/>\n<meta name=\"twitter:label1\" content=\"Est. reading time\" \/>\n\t<meta name=\"twitter:data1\" content=\"2 minutes\" \/>\n<script type=\"application\/ld+json\" class=\"yoast-schema-graph\">{\"@context\":\"https:\/\/schema.org\",\"@graph\":[{\"@type\":\"WebPage\",\"@id\":\"https:\/\/www.evulu.de\/de\/beispiel-bericht\/\",\"url\":\"https:\/\/www.evulu.de\/de\/beispiel-bericht\/\",\"name\":\"Evulu | Beispiel f\u00fcr Ideenreport\",\"isPartOf\":{\"@id\":\"https:\/\/www.evulu.de\/de\/#website\"},\"primaryImageOfPage\":{\"@id\":\"https:\/\/www.evulu.de\/de\/beispiel-bericht\/#primaryimage\"},\"image\":{\"@id\":\"https:\/\/www.evulu.de\/de\/beispiel-bericht\/#primaryimage\"},\"thumbnailUrl\":\"https:\/\/www.evulu.de\/wp-content\/themes\/front\/assets\/svg\/components\/tablet.svg\",\"datePublished\":\"2020-06-15T10:19:04+00:00\",\"dateModified\":\"2021-12-17T10:42:08+00:00\",\"description\":\"F\u00fcr jedes mit Evulu durchgef\u00fchrte Innovationsprojekt wird ein individueller Abschlussbericht erstellt. Auf dieser Seite finden Sie ein Beispiel hierf\u00fcr.\",\"breadcrumb\":{\"@id\":\"https:\/\/www.evulu.de\/de\/beispiel-bericht\/#breadcrumb\"},\"inLanguage\":\"de-DE\",\"potentialAction\":[{\"@type\":\"ReadAction\",\"target\":[\"https:\/\/www.evulu.de\/de\/beispiel-bericht\/\"]}]},{\"@type\":\"ImageObject\",\"inLanguage\":\"de-DE\",\"@id\":\"https:\/\/www.evulu.de\/de\/beispiel-bericht\/#primaryimage\",\"url\":\"https:\/\/www.evulu.de\/wp-content\/themes\/front\/assets\/svg\/components\/tablet.svg\",\"contentUrl\":\"https:\/\/www.evulu.de\/wp-content\/themes\/front\/assets\/svg\/components\/tablet.svg\"},{\"@type\":\"BreadcrumbList\",\"@id\":\"https:\/\/www.evulu.de\/de\/beispiel-bericht\/#breadcrumb\",\"itemListElement\":[{\"@type\":\"ListItem\",\"position\":1,\"name\":\"Home\",\"item\":\"https:\/\/www.evulu.de\/de\/\"},{\"@type\":\"ListItem\",\"position\":2,\"name\":\"Beispiel Bericht\"}]},{\"@type\":\"WebSite\",\"@id\":\"https:\/\/www.evulu.de\/de\/#website\",\"url\":\"https:\/\/www.evulu.de\/de\/\",\"name\":\"Evulu\",\"description\":\"Software-as-a-Service for Idea Management\",\"publisher\":{\"@id\":\"https:\/\/www.evulu.de\/de\/#organization\"},\"potentialAction\":[{\"@type\":\"SearchAction\",\"target\":{\"@type\":\"EntryPoint\",\"urlTemplate\":\"https:\/\/www.evulu.de\/de\/?s={search_term_string}\"},\"query-input\":{\"@type\":\"PropertyValueSpecification\",\"valueRequired\":true,\"valueName\":\"search_term_string\"}}],\"inLanguage\":\"de-DE\"},{\"@type\":\"Organization\",\"@id\":\"https:\/\/www.evulu.de\/de\/#organization\",\"name\":\"Evulu\",\"url\":\"https:\/\/www.evulu.de\/de\/\",\"logo\":{\"@type\":\"ImageObject\",\"inLanguage\":\"de-DE\",\"@id\":\"https:\/\/www.evulu.de\/de\/#\/schema\/logo\/image\/\",\"url\":\"https:\/\/www.evulu.de\/wp-content\/uploads\/2020\/06\/Evulu_Kurz_Logo-1.png\",\"contentUrl\":\"https:\/\/www.evulu.de\/wp-content\/uploads\/2020\/06\/Evulu_Kurz_Logo-1.png\",\"width\":590,\"height\":594,\"caption\":\"Evulu\"},\"image\":{\"@id\":\"https:\/\/www.evulu.de\/de\/#\/schema\/logo\/image\/\"},\"sameAs\":[\"https:\/\/www.facebook.com\/EvuluSAAS\/\",\"https:\/\/x.com\/Evulu2\",\"https:\/\/www.instagram.com\/evulu_idea_management_platform\/\",\"https:\/\/www.linkedin.com\/company\/66574575\/admin\/\"]}]}<\/script>\n<!-- \/ Yoast SEO plugin. -->","yoast_head_json":{"title":"Evulu | Beispiel f\u00fcr Ideenreport","description":"F\u00fcr jedes mit Evulu durchgef\u00fchrte Innovationsprojekt wird ein individueller Abschlussbericht erstellt. Auf dieser Seite finden Sie ein Beispiel hierf\u00fcr.","robots":{"index":"index","follow":"follow","max-snippet":"max-snippet:-1","max-image-preview":"max-image-preview:large","max-video-preview":"max-video-preview:-1"},"canonical":"https:\/\/www.evulu.de\/de\/beispiel-bericht\/","og_locale":"de_DE","og_type":"article","og_title":"Evulu | Beispiel f\u00fcr Ideenreport","og_description":"F\u00fcr jedes mit Evulu durchgef\u00fchrte Innovationsprojekt wird ein individueller Abschlussbericht erstellt. Auf dieser Seite finden Sie ein Beispiel hierf\u00fcr.","og_url":"https:\/\/www.evulu.de\/de\/beispiel-bericht\/","og_site_name":"Evulu","article_publisher":"https:\/\/www.facebook.com\/EvuluSAAS\/","article_modified_time":"2021-12-17T10:42:08+00:00","og_image":[{"url":"https:\/\/www.evulu.de\/wp-content\/themes\/front\/assets\/svg\/components\/tablet.svg","type":"","width":"","height":""}],"twitter_card":"summary_large_image","twitter_site":"@Evulu2","twitter_misc":{"Est. reading time":"2 minutes"},"schema":{"@context":"https:\/\/schema.org","@graph":[{"@type":"WebPage","@id":"https:\/\/www.evulu.de\/de\/beispiel-bericht\/","url":"https:\/\/www.evulu.de\/de\/beispiel-bericht\/","name":"Evulu | Beispiel f\u00fcr Ideenreport","isPartOf":{"@id":"https:\/\/www.evulu.de\/de\/#website"},"primaryImageOfPage":{"@id":"https:\/\/www.evulu.de\/de\/beispiel-bericht\/#primaryimage"},"image":{"@id":"https:\/\/www.evulu.de\/de\/beispiel-bericht\/#primaryimage"},"thumbnailUrl":"https:\/\/www.evulu.de\/wp-content\/themes\/front\/assets\/svg\/components\/tablet.svg","datePublished":"2020-06-15T10:19:04+00:00","dateModified":"2021-12-17T10:42:08+00:00","description":"F\u00fcr jedes mit Evulu durchgef\u00fchrte Innovationsprojekt wird ein individueller Abschlussbericht erstellt. Auf dieser Seite finden Sie ein Beispiel hierf\u00fcr.","breadcrumb":{"@id":"https:\/\/www.evulu.de\/de\/beispiel-bericht\/#breadcrumb"},"inLanguage":"de-DE","potentialAction":[{"@type":"ReadAction","target":["https:\/\/www.evulu.de\/de\/beispiel-bericht\/"]}]},{"@type":"ImageObject","inLanguage":"de-DE","@id":"https:\/\/www.evulu.de\/de\/beispiel-bericht\/#primaryimage","url":"https:\/\/www.evulu.de\/wp-content\/themes\/front\/assets\/svg\/components\/tablet.svg","contentUrl":"https:\/\/www.evulu.de\/wp-content\/themes\/front\/assets\/svg\/components\/tablet.svg"},{"@type":"BreadcrumbList","@id":"https:\/\/www.evulu.de\/de\/beispiel-bericht\/#breadcrumb","itemListElement":[{"@type":"ListItem","position":1,"name":"Home","item":"https:\/\/www.evulu.de\/de\/"},{"@type":"ListItem","position":2,"name":"Beispiel Bericht"}]},{"@type":"WebSite","@id":"https:\/\/www.evulu.de\/de\/#website","url":"https:\/\/www.evulu.de\/de\/","name":"Evulu","description":"Software-as-a-Service for Idea Management","publisher":{"@id":"https:\/\/www.evulu.de\/de\/#organization"},"potentialAction":[{"@type":"SearchAction","target":{"@type":"EntryPoint","urlTemplate":"https:\/\/www.evulu.de\/de\/?s={search_term_string}"},"query-input":{"@type":"PropertyValueSpecification","valueRequired":true,"valueName":"search_term_string"}}],"inLanguage":"de-DE"},{"@type":"Organization","@id":"https:\/\/www.evulu.de\/de\/#organization","name":"Evulu","url":"https:\/\/www.evulu.de\/de\/","logo":{"@type":"ImageObject","inLanguage":"de-DE","@id":"https:\/\/www.evulu.de\/de\/#\/schema\/logo\/image\/","url":"https:\/\/www.evulu.de\/wp-content\/uploads\/2020\/06\/Evulu_Kurz_Logo-1.png","contentUrl":"https:\/\/www.evulu.de\/wp-content\/uploads\/2020\/06\/Evulu_Kurz_Logo-1.png","width":590,"height":594,"caption":"Evulu"},"image":{"@id":"https:\/\/www.evulu.de\/de\/#\/schema\/logo\/image\/"},"sameAs":["https:\/\/www.facebook.com\/EvuluSAAS\/","https:\/\/x.com\/Evulu2","https:\/\/www.instagram.com\/evulu_idea_management_platform\/","https:\/\/www.linkedin.com\/company\/66574575\/admin\/"]}]}},"_links":{"self":[{"href":"https:\/\/www.evulu.de\/de\/wp-json\/wp\/v2\/pages\/10924","targetHints":{"allow":["GET"]}}],"collection":[{"href":"https:\/\/www.evulu.de\/de\/wp-json\/wp\/v2\/pages"}],"about":[{"href":"https:\/\/www.evulu.de\/de\/wp-json\/wp\/v2\/types\/page"}],"author":[{"embeddable":true,"href":"https:\/\/www.evulu.de\/de\/wp-json\/wp\/v2\/users\/3"}],"replies":[{"embeddable":true,"href":"https:\/\/www.evulu.de\/de\/wp-json\/wp\/v2\/comments?post=10924"}],"version-history":[{"count":6,"href":"https:\/\/www.evulu.de\/de\/wp-json\/wp\/v2\/pages\/10924\/revisions"}],"predecessor-version":[{"id":13309,"href":"https:\/\/www.evulu.de\/de\/wp-json\/wp\/v2\/pages\/10924\/revisions\/13309"}],"wp:attachment":[{"href":"https:\/\/www.evulu.de\/de\/wp-json\/wp\/v2\/media?parent=10924"}],"curies":[{"name":"wp","href":"https:\/\/api.w.org\/{rel}","templated":true}]}}